{"id":2731,"date":"2024-05-17T21:15:52","date_gmt":"2024-05-17T21:15:52","guid":{"rendered":"https:\/\/mexpress4translations.com\/?page_id=2731"},"modified":"2024-06-23T10:17:07","modified_gmt":"2024-06-23T10:17:07","slug":"privacy-policy","status":"publish","type":"page","link":"https:\/\/mexpress4translations.com\/de\/privacy-policy\/","title":{"rendered":"Datenschutzbestimmungen"},"content":{"rendered":"<div data-elementor-type=\"wp-page\" data-elementor-id=\"2731\" class=\"elementor elementor-2731\" data-elementor-post-type=\"page\">\n\t\t\t\t<div class=\"elementor-element elementor-element-fd034ba e-flex e-con-boxed e-con e-parent\" data-id=\"fd034ba\" data-element_type=\"container\" data-settings=\"{&quot;_ha_eqh_enable&quot;:false}\">\n\t\t\t\t\t<div class=\"e-con-inner\">\n\t\t\t\t<div class=\"elementor-element elementor-element-f28198c elementor-widget elementor-widget-heading\" data-id=\"f28198c\" data-element_type=\"widget\" data-widget_type=\"heading.default\">\n\t\t\t\t<div class=\"elementor-widget-container\">\n\t\t\t<style>\/*! elementor - v3.21.0 - 26-05-2024 *\/\n.elementor-heading-title{padding:0;margin:0;line-height:1}.elementor-widget-heading .elementor-heading-title[class*=elementor-size-]>a{color:inherit;font-size:inherit;line-height:inherit}.elementor-widget-heading .elementor-heading-title.elementor-size-small{font-size:15px}.elementor-widget-heading .elementor-heading-title.elementor-size-medium{font-size:19px}.elementor-widget-heading .elementor-heading-title.elementor-size-large{font-size:29px}.elementor-widget-heading .elementor-heading-title.elementor-size-xl{font-size:39px}.elementor-widget-heading .elementor-heading-title.elementor-size-xxl{font-size:59px}<\/style><h2 class=\"elementor-heading-title elementor-size-default\">Datenschutzerkl\u00e4rung der me-Xpress GmbH\n<\/h2>\t\t<\/div>\n\t\t\t\t<\/div>\n\t\t\t\t<div class=\"elementor-element elementor-element-d0043a6 elementor-widget-divider--view-line elementor-widget elementor-widget-divider\" data-id=\"d0043a6\" data-element_type=\"widget\" data-widget_type=\"divider.default\">\n\t\t\t\t<div class=\"elementor-widget-container\">\n\t\t\t<style>\/*! elementor - v3.21.0 - 26-05-2024 *\/\n.elementor-widget-divider{--divider-border-style:none;--divider-border-width:1px;--divider-color:#0c0d0e;--divider-icon-size:20px;--divider-element-spacing:10px;--divider-pattern-height:24px;--divider-pattern-size:20px;--divider-pattern-url:none;--divider-pattern-repeat:repeat-x}.elementor-widget-divider .elementor-divider{display:flex}.elementor-widget-divider .elementor-divider__text{font-size:15px;line-height:1;max-width:95%}.elementor-widget-divider .elementor-divider__element{margin:0 var(--divider-element-spacing);flex-shrink:0}.elementor-widget-divider .elementor-icon{font-size:var(--divider-icon-size)}.elementor-widget-divider .elementor-divider-separator{display:flex;margin:0;direction:ltr}.elementor-widget-divider--view-line_icon .elementor-divider-separator,.elementor-widget-divider--view-line_text .elementor-divider-separator{align-items:center}.elementor-widget-divider--view-line_icon .elementor-divider-separator:after,.elementor-widget-divider--view-line_icon .elementor-divider-separator:before,.elementor-widget-divider--view-line_text .elementor-divider-separator:after,.elementor-widget-divider--view-line_text .elementor-divider-separator:before{display:block;content:\"\";border-block-end:0;flex-grow:1;border-block-start:var(--divider-border-width) var(--divider-border-style) var(--divider-color)}.elementor-widget-divider--element-align-left .elementor-divider .elementor-divider-separator>.elementor-divider__svg:first-of-type{flex-grow:0;flex-shrink:100}.elementor-widget-divider--element-align-left .elementor-divider-separator:before{content:none}.elementor-widget-divider--element-align-left .elementor-divider__element{margin-left:0}.elementor-widget-divider--element-align-right .elementor-divider .elementor-divider-separator>.elementor-divider__svg:last-of-type{flex-grow:0;flex-shrink:100}.elementor-widget-divider--element-align-right .elementor-divider-separator:after{content:none}.elementor-widget-divider--element-align-right .elementor-divider__element{margin-right:0}.elementor-widget-divider--element-align-start .elementor-divider .elementor-divider-separator>.elementor-divider__svg:first-of-type{flex-grow:0;flex-shrink:100}.elementor-widget-divider--element-align-start .elementor-divider-separator:before{content:none}.elementor-widget-divider--element-align-start .elementor-divider__element{margin-inline-start:0}.elementor-widget-divider--element-align-end .elementor-divider .elementor-divider-separator>.elementor-divider__svg:last-of-type{flex-grow:0;flex-shrink:100}.elementor-widget-divider--element-align-end .elementor-divider-separator:after{content:none}.elementor-widget-divider--element-align-end .elementor-divider__element{margin-inline-end:0}.elementor-widget-divider:not(.elementor-widget-divider--view-line_text):not(.elementor-widget-divider--view-line_icon) .elementor-divider-separator{border-block-start:var(--divider-border-width) var(--divider-border-style) var(--divider-color)}.elementor-widget-divider--separator-type-pattern{--divider-border-style:none}.elementor-widget-divider--separator-type-pattern.elementor-widget-divider--view-line .elementor-divider-separator,.elementor-widget-divider--separator-type-pattern:not(.elementor-widget-divider--view-line) .elementor-divider-separator:after,.elementor-widget-divider--separator-type-pattern:not(.elementor-widget-divider--view-line) .elementor-divider-separator:before,.elementor-widget-divider--separator-type-pattern:not([class*=elementor-widget-divider--view]) .elementor-divider-separator{width:100%;min-height:var(--divider-pattern-height);-webkit-mask-size:var(--divider-pattern-size) 100%;mask-size:var(--divider-pattern-size) 100%;-webkit-mask-repeat:var(--divider-pattern-repeat);mask-repeat:var(--divider-pattern-repeat);background-color:var(--divider-color);-webkit-mask-image:var(--divider-pattern-url);mask-image:var(--divider-pattern-url)}.elementor-widget-divider--no-spacing{--divider-pattern-size:auto}.elementor-widget-divider--bg-round{--divider-pattern-repeat:round}.rtl .elementor-widget-divider .elementor-divider__text{direction:rtl}.e-con-inner>.elementor-widget-divider,.e-con>.elementor-widget-divider{width:var(--container-widget-width,100%);--flex-grow:var(--container-widget-flex-grow)}<\/style>\t\t<div class=\"elementor-divider\">\n\t\t\t<span class=\"elementor-divider-separator\">\n\t\t\t\t\t\t<\/span>\n\t\t<\/div>\n\t\t\t\t<\/div>\n\t\t\t\t<\/div>\n\t\t\t\t<div class=\"elementor-element elementor-element-3799e25 elementor-widget elementor-widget-text-editor\" data-id=\"3799e25\" data-element_type=\"widget\" data-widget_type=\"text-editor.default\">\n\t\t\t\t<div class=\"elementor-widget-container\">\n\t\t\t<style>\/*! elementor - v3.21.0 - 26-05-2024 *\/\n.elementor-widget-text-editor.elementor-drop-cap-view-stacked .elementor-drop-cap{background-color:#69727d;color:#fff}.elementor-widget-text-editor.elementor-drop-cap-view-framed .elementor-drop-cap{color:#69727d;border:3px solid;background-color:transparent}.elementor-widget-text-editor:not(.elementor-drop-cap-view-default) .elementor-drop-cap{margin-top:8px}.elementor-widget-text-editor:not(.elementor-drop-cap-view-default) .elementor-drop-cap-letter{width:1em;height:1em}.elementor-widget-text-editor .elementor-drop-cap{float:left;text-align:center;line-height:1;font-size:50px}.elementor-widget-text-editor .elementor-drop-cap-letter{display:inline-block}<\/style>\t\t\t\t<p><b>Grundsatz<br \/><\/b>Wir bei der me-Xpress GmbH legen gro\u00dfen Wert auf den Schutz Ihrer pers\u00f6nlichen Daten und behandeln diese vertraulich sowie in \u00dcbereinstimmung mit den gesetzlichen Datenschutzvorschriften und dieser Datenschutzerkl\u00e4rung.<br \/>Verantwortlich f\u00fcr die Datenverarbeitung<br \/>Die verantwortliche Stelle im Sinne der Datenschutz-Grundverordnung (DSGVO) f\u00fcr die Verarbeitung Ihrer personenbezogenen Daten ist:<br \/>me-Xpress GmbH<br \/>Lublinring 12<br \/>48147 M\u00fcnster<br \/>Web: <a href=\"http:\/\/www.mx4translations.com\/\">http:\/\/www.mx4translations.com\/<\/a><br \/>E-Mail: <a href=\"mailto:hello@mx4translations.com\">hello@mx4translations.com<\/a><\/p><p>\u00a0<\/p><p><b>Datenerhebung und -verarbeitung<br \/><\/b>Wir erheben und verarbeiten personenbezogene Daten nur, soweit diese zur Begr\u00fcndung, inhaltlichen Ausgestaltung oder \u00c4nderung des Rechtsverh\u00e4ltnisses erforderlich sind (Bestandsdaten). Nutzungsdaten, die durch die Inanspruchnahme unserer Internetseiten entstehen, erheben wir nicht.<\/p><p>\u00a0<\/p><p><b>Datenverarbeitung auf dieser Website<br \/><\/b>Wir erheben und speichern automatisch Informationen in Logfiles, die Ihr Browser an uns \u00fcbermittelt. Dies umfasst Informationen wie Browsertyp\/-version, verwendetes Betriebssystem, Referrer-URL und Uhrzeit der Serveranfrage. Diese Daten sind nicht bestimmten Personen zuordenbar. Eine Zusammenf\u00fchrung dieser Daten mit anderen Datenquellen wird nicht vorgenommen. Die Erhebung dieser Daten erfolgt zur Gew\u00e4hrleistung der Sicherheit unserer Website. Grundlage f\u00fcr die Datenverarbeitung sind unsere berechtigten Interessen gem\u00e4\u00df Art. 6 Abs. 1 f) DSGVO. Die Logdateien werden nach einer Woche gel\u00f6scht, es sei denn, sie werden zur Aufkl\u00e4rung konkreter Rechtsverst\u00f6\u00dfe ben\u00f6tigt.<\/p><p>\u00a0<\/p><p><b>Hosting<br \/><\/b>Alle im Zusammenhang mit dem Betrieb dieser Website verarbeiteten Daten werden im Rahmen des Hostings gespeichert, um den Betrieb der Website zu erm\u00f6glichen. Grundlage f\u00fcr die Datenverarbeitung sind unsere berechtigten Interessen gem\u00e4\u00df Art. 6 Abs. 1 f) DSGVO. Wir nutzen die Dienste von Webhosting-Anbietern, denen wir die genannten Daten \u00fcbermitteln.<\/p><p>\u00a0<\/p><p><b>Newsletter<br \/><\/b>Zur regelm\u00e4\u00dfigen Information \u00fcber unsere Leistungen und Angebote verarbeiten wir Ihre eingegebenen Daten (E-Mail-Adresse sowie freiwillige Angaben). Wir best\u00e4tigen oder holen gem\u00e4\u00df Art. 6 Abs. 1 a) DSGVO Ihre Einwilligung f\u00fcr die Zusendung des Newsletters ein. Der Anmeldeprozess wird protokolliert. Sie k\u00f6nnen den Newsletter jederzeit kostenfrei \u00fcber den im Newsletter angegebenen Link abbestellen.<br \/>Wir haben mit unseren E-Mail-Marketing-Dienstleistern einen Vertrag \u00fcber die Auftragsdatenverarbeitung abgeschlossen. Dies stellt sicher, dass sich unser Dienstleister in allen Punkten an die DSGVO und das Datenschutzrecht h\u00e4lt. Ihre Daten werden nur innerhalb der EU gespeichert. Eine Speicherung Ihrer Daten auf Servern au\u00dferhalb der EU findet nicht statt.<\/p><p>\u00a0<\/p><p><b>Kontaktformular<br \/><\/b>Wenn Sie uns per Kontaktformular Anfragen zukommen lassen, werden Ihre Bestandsdaten (Name, Adresse, E-Mail-Adresse, Telefonnummer) aus dem Anfrageformular inklusive der von Ihnen dort angegebenen Kontaktdaten zwecks Bearbeitung der Anfrage und f\u00fcr eventuelle Anschlussfragen bei uns gespeichert. Dabei best\u00e4tigen wir gem\u00e4\u00df Art. 6 Abs. 1 a) DSGVO Ihre Einwilligung f\u00fcr die Zusendung weiterer Informationen, inklusive des Newsletters.<\/p><p><br \/>Zum Zweck der Informationsversendung geben wir Ihre Daten an unseren E-Mail-Marketing-Dienstleister weiter. Wir haben mit diesem Dienstleister einen Vertrag \u00fcber die Auftragsdatenverarbeitung abgeschlossen. Dies stellt sicher, dass sich unser Dienstleister in allen Punkten an die DSGVO und das Datenschutzrecht h\u00e4lt. Ihre Daten werden nur innerhalb der EU gespeichert. Eine Speicherung Ihrer Daten auf Servern au\u00dferhalb der EU findet nicht statt.<\/p><p>\u00a0<\/p><p><b>Kundenkonto<br \/><\/b>Mit der Er\u00f6ffnung eines Kundenkontos willigen Sie ein, dass Ihre Bestandsdaten (Name, Adresse, E-Mail-Adresse, Bankverbindung) sowie Ihre Nutzerdaten (Benutzername, Passwort) gespeichert werden. Diese Daten werden genutzt, um Sie als Kunden zu identifizieren und Ihnen die Verwaltung Ihrer Daten zu erm\u00f6glichen.<\/p><p>Ihre Daten werden auf Grundlage Ihrer Einwilligung gem\u00e4\u00df Art. 6 Abs. 1 a) DSGVO verarbeitet.<\/p><p>\u00a0<\/p><p><b>Bestellungsabwicklung<br \/><\/b>Wir verarbeiten Ihre Bestelldaten zur Abwicklung der bestellten Leistung. Die Verarbeitung der Daten erfolgt entsprechend auf der Grundlage des Art. 6 Abs. 1 b) DSGVO.<br \/>Wir \u00fcbermitteln personenbezogene Daten an Dritte nur dann, wenn dies im Rahmen der Vertragsabwicklung notwendig ist, etwa an den mit der Zahlungsabwicklung beauftragten Zahlungsdienstleister (Name, Datum der Bestellung, Zahlungsart, Versand- und\/oder Empfangsdatum, Betrag und Zahlungsempf\u00e4nger, ggf. Bankverbindung oder Kreditkartendaten).<\/p><p>\u00a0<\/p><p><b>Karrierebereich<br \/><\/b>Sofern Sie uns Ihre Bewerbung als Mitarbeiter\/in \u00fcbersenden, werden Ihre Daten (z. B. Name, E-Mail-Adresse, Telefonnummer) sowie die \u00fcbermittelten Bewerbungsunterlagen ausschlie\u00dflich zum Zwecke der Bearbeitung und Abwicklung Ihrer Bewerbungsanfrage verarbeitet. Rechtsgrundlage f\u00fcr die Datenverarbeitung ist vorrangig \u00a7 26 BDSG.<\/p><p>\u00a0<\/p><p><b>Nutzung von Cookies<br \/><\/b>Die Internetseiten verwenden teilweise sogenannte Cookies. Diese dienen dazu, unser Angebot nutzerfreundlicher, effektiver und sicherer zu machen. Cookies sind kleine Textdateien, die auf Ihrem Rechner abgelegt und von Ihrem Browser gespeichert werden. Die von uns verwendeten Cookies sind sogenannte \u201eSession-Cookies\u201c. Sie werden nach Ende Ihres Besuchs automatisch gel\u00f6scht. Sie k\u00f6nnen Ihre Browser-Einstellung entsprechend Ihren W\u00fcnschen konfigurieren und z.\u2009B. die Annahme von allen Cookies ablehnen. Wir weisen Sie darauf hin, dass Sie eventuell nicht alle Funktionen dieser Website nutzen k\u00f6nnen. Cookies werden vor allem vor folgendem Hintergrund verwendet:<\/p><p>\u00a0<\/p><p><b>Einsatz von Google Analytics und Google Remarketing<br \/><\/b>Diese Website benutzt Google Analytics und Google Remarketing. Dies sind Dienstleistungen der Google Inc. (\"Google\"). Google verwendet sog. \"Cookies\", Textdateien, die auf Ihrem Computer gespeichert werden und die eine Analyse der Benutzung der Website durch Sie erm\u00f6glichen. Die durch den Cookie erzeugten Informationen \u00fcber Ihre Benutzung dieser Website (einschlie\u00dflich Ihrer IP-Adresse) werden an einen Server von Google in den USA \u00fcbertragen und dort gespeichert. Die IP-Adresse wird anschlie\u00dfend von Google um die letzten drei Stellen gek\u00fcrzt, eine eindeutige Zuordnung der IP-Adresse ist somit nicht mehr m\u00f6glich.<br \/>Google wird diese Informationen benutzen, um die Nutzung der Website auszuwerten, um Reports \u00fcber die Websiteaktivit\u00e4ten f\u00fcr die Websitebetreiber zusammenzustellen und um weitere mit der Websitenutzung und der Internetnutzung verbundene Dienstleistungen zu erbringen. Auch wird Google diese Informationen gegebenenfalls an Dritte \u00fcbertragen, sofern dies gesetzlich vorgeschrieben oder soweit Dritte diese Daten im Auftrag von Google verarbeiten. Die so erhaltenen Daten verarbeiten wir aufgrund Ihrer Einwilligung nach Art.6 Abs. 1 a) DSGVO.<\/p><p><br \/>Google wird in keinem Fall Ihre IP-Adresse mit anderen Daten der Google in Verbindung bringen. Sie k\u00f6nnen die Verwendung von Cookies durch Google deaktivieren, indem sie die Seite zur Deaktivierung von Google-Werbung aufrufen. Alternativ k\u00f6nnen Nutzer die Verwendung von Cookies durch Drittanbieter deaktivieren, indem sie die Deaktivierungsseite der Netzwerkwerbeinitiative aufrufen.<br \/>Wir weisen Sie jedoch darauf hin, dass Sie in diesem Fall gegebenenfalls nicht s\u00e4mtliche Funktionen dieser Website voll umf\u00e4nglich nutzen k\u00f6nnen.<br \/>Der Datenerhebung und -speicherung kann jederzeit mit Wirkung f\u00fcr die Zukunft widersprochen werden. Weitere Hinweise zu den Bestimmungen von Google finden Sie hier.<\/p><p>\u00a0<\/p><p><b>Google +1 Datenschutzbestimmungen<br \/><\/b>Die Google-Datenschutzbestimmungen beschreiben unseren Umgang mit pers\u00f6nlichen Informationen der Nutzer von Google-Produkten und -Diensten. Sie gelten auch f\u00fcr Informationen, die Sie bei der Nutzung der Google +1-Schaltfl\u00e4che bereitstellen. Die folgenden Informationen beziehen sich speziell auf unseren Umgang mit dem Datenschutz bei Verwendung der +1-Schaltfl\u00e4che.<\/p><p>\u00a0<\/p><p><b>Erfassung und Weitergabe von Informationen<br \/><\/b>Mit der Google +1-Schaltfl\u00e4che k\u00f6nnen Sie Informationen weltweit ver\u00f6ffentlichen. \u00dcber die Google +1-Schaltfl\u00e4che erhalten Sie und andere Nutzer personalisierte Inhalte von Google und unseren Partnern. Google speichert sowohl die Information, dass Sie f\u00fcr einen Inhalt +1 gegeben haben, als auch Informationen \u00fcber die Seite, die Sie beim Klicken auf +1 angesehen haben. Ihre +1 k\u00f6nnen als Hinweise zusammen mit Ihrem Profilnamen und Ihrem Foto in Google-Diensten, wie etwa in Suchergebnissen oder in Ihrem Google-Profil, oder an anderen Stellen auf Websites und Anzeigen im Internet eingeblendet werden.<br \/>Google zeichnet Informationen \u00fcber Ihre +1-Aktivit\u00e4ten auf, um die Google-Dienste f\u00fcr Sie und andere zu verbessern. Um die Google +1-Schaltfl\u00e4che verwenden zu k\u00f6nnen, ben\u00f6tigen Sie ein weltweit sichtbares, \u00f6ffentliches Google-Profil, das zumindest den f\u00fcr das Profil gew\u00e4hlten Namen enthalten muss. Dieser Name wird in allen Google-Diensten verwendet. In manchen F\u00e4llen kann dieser Name auch einen anderen Namen ersetzen, den Sie beim Teilen von Inhalten \u00fcber Ihr Google-Konto verwendet haben. Die Identit\u00e4t Ihres Google-Profils kann Nutzern angezeigt werden, die Ihre E-Mail-Adresse kennen oder \u00fcber andere identifizierende Informationen von Ihnen verf\u00fcgen.<\/p><p>\u00a0<\/p><p><b>Verwendung der erfassten Informationen<br \/><\/b>Neben den oben erl\u00e4uterten Verwendungszwecken werden die von Ihnen bereitgestellten Informationen gem\u00e4\u00df den geltenden Google-Datenschutzbestimmungen genutzt. Wir ver\u00f6ffentlichen m\u00f6glicherweise zusammengefasste Statistiken \u00fcber die +1-Aktivit\u00e4ten der Nutzer bzw. geben diese Statistiken an unsere Nutzer und Partner weiter, wie etwa Publisher, Inserenten oder verbundene Websites. So k\u00f6nnen wir beispielsweise einem Publisher Folgendes mitteilen: \"10 Prozent der Nutzer, die dieser Seite +1 gegeben haben, befinden sich in New York.\"<\/p><p>\u00a0<\/p><p><b>Ihre Optionen<br \/><\/b>Auf dem Tab \"+1\" in Ihrem Profil sehen Sie eine Liste der Inhalte, denen Sie +1 gegeben haben. Sie k\u00f6nnen einzelne Inhalte aus dieser Liste entfernen. Sie k\u00f6nnen deaktivieren, dass Ihnen auf Drittanbieter-Websites +1-Empfehlungen von Personen, die Sie kennen, angezeigt werden. Dies gilt auch f\u00fcr Werbeanzeigen auf Drittanbieter-Websites. Daten wie Ihre zuletzt vergebenen +1 werden lokal in Ihrem Browser gespeichert. Diese Informationen k\u00f6nnen Sie in Ihren Browsereinstellungen aufrufen und l\u00f6schen.<\/p><p>\u00a0<\/p><p><b>Weitere Informationen<br \/><\/b>Google befolgt die Datenschutzbestimmungen des US Safe Harbor-Abkommens. Weitere Informationen \u00fcber die US Safe Harbor-Bestimmungen und unsere Registrierung finden Sie auf der Website des US-Handelsministeriums.<\/p><p>\u00a0<\/p><p><b>Weitere Hinweise zur Google +1-Schaltfl\u00e4che<br \/><\/b>Die me-Xpress GmbH verwendet die Google +1 Schaltfl\u00e4che auf ihren Webseiten. Im Folgenden werden die wichtigsten Fragen beantwortet:<br \/>Erfasst Google meine Besuche auf Seiten mit einer +1-Schaltfl\u00e4che, auch wenn ich dort keine +1-Aktion ausf\u00fchre?<br \/>Die +1-Schaltfl\u00e4che wird nicht verwendet, um Ihre Besuche im Web zu erfassen. Google protokolliert beim Anzeigen einer +1-Schaltfl\u00e4che Ihren Browserverlauf nicht dauerhaft und wertet Ihren Besuch auf einer Seite mit +1-Schaltfl\u00e4che auch nicht in anderer Weise aus. Google h\u00e4lt allerdings kurzfristig, normalerweise f\u00fcr etwa zwei Wochen, einige Daten \u00fcber Ihren Besuch zu Systemwartungs- und Fehlerbehebungszwecken gespeichert. Diese Daten sind jedoch nicht nach individuellen Profilen, Nutzernamen oder URLs strukturiert.<\/p><p>\u00a0<\/p><p><b>Wozu ben\u00f6tigt Google diese Informationen?<br \/><\/b>Wenn Sie eine Google-Suche durchf\u00fchren oder eine Seite mit einer +1-Schaltfl\u00e4che besuchen, werden verschiedene Elemente Ihrer Anforderung an separate Server gesendet, damit die +1-Schaltfl\u00e4che schnell geladen wird. Diese Informationen werden zur ordnungsgem\u00e4\u00dfen Verarbeitung Ihrer Anforderung durch unsere Server ben\u00f6tigt. In den seltenen F\u00e4llen, in denen wir Fehlerbehebungen an unseren Systemen vornehmen m\u00fcssen, helfen sie Google, die Ursache des Problems bei den Servern zu finden und zu beheben.<\/p><p>\u00a0<\/p><p><b>Wie lange speichert Google diese Informationen?<br \/><\/b>Normalerweise nicht l\u00e4nger als zwei Wochen.<\/p><p>\u00a0<\/p><p><b>Sind diese Informationen f\u00fcr Website-Publisher oder Inserenten zug\u00e4nglich?<br \/><\/b>Nein, diese Informationen werden nur zur Wartung und Fehlerbeseitigung f\u00fcr unsere internen Systeme verwendet.<\/p><p>\u00a0<\/p><p><b>Welche Daten werden beim Klicken auf +1 an Google gesendet?<br \/><\/b>Damit Ihre +1 gespeichert und \u00f6ffentlich zug\u00e4nglich gemacht werden k\u00f6nnen, erfasst Google Informationen \u00fcber Ihr Google-Profil, die von Ihnen empfohlene URL, Ihre IP-Adresse und andere browserbezogene Informationen. Wenn Sie Ihre +1 zur\u00fccknehmen, werden diese Informationen gel\u00f6scht. Alle Ihre +1 sind auf dem +1-Tab in Ihrem Profil gelistet.<\/p><p>\u00a0<\/p><p><b>Facebook Plugin Datenschutzerkl\u00e4rung<br \/><\/b>Unser Internetauftritt verwendet mehrere Plugins von Facebook, Facebook Inc., 1601 S. California Ave, Palo Alto, CA 94304, USA. Sie erkennen diese Plugins entweder am blauen \u201cF\u201d von Facebook oder daran, dass dieses Plugin mit dem Wort \u201cFacebook\u201d gekennzeichnet ist. Bei einem Aufruf unserer Webseite wird \u00fcber diese Plugins eine Verbindung zu den Servern von Facebook hergestellt und Daten \u00fcbermittelt. Zum einen werden die Informationen, die Sie sehen, direkt von den Servern an Ihren Browser \u00fcbertragen und dort dargestellt, zum anderen werden Informationen \u00fcber Ihren Besuch auf unserer Webseite an Facebook \u00fcbermittelt. Sind Sie bei Facebook eingeloggt, so k\u00f6nnen die \u00fcbermittelten Informationen direkt Ihrem Konto zugeordnet werden. Bei einer Interaktion mit den Funktionen des Plugins, z.B. dem Dr\u00fccken des \u201cGef\u00e4llt mir\u201d Buttons, wird diese Information von Ihrem Browser direkt an Facebook \u00fcbersendet und dort gespeichert. Die Weiterverarbeitung dieser Information obliegt Facebook. Die entsprechenden Bedingungen und Einstellm\u00f6glichkeiten entnehmen Sie bitte den Datenschutzhinweisen von Facebook. Wollen Sie vermeiden, dass personenbezogene Daten von Ihnen an Facebook \u00fcbermittelt werden, so loggen Sie sich vor einem Besuch unserer Webseite bei Facebook aus.<\/p><p>\u00a0<\/p><p><b>Ihre Betroffenenrechte<\/b><\/p><p><b>Auskunft<\/b> Auf Wunsch erhalten Sie jederzeit Auskunft \u00fcber alle personenbezogenen Daten, die wir \u00fcber Sie gespeichert haben<\/p><p><br \/><b>Berichtigung, L\u00f6schung, Einschr\u00e4nkung der Verarbeitung (Sperrung)<\/b> Wenn Sie mit der Speicherung Ihrer personenbezogenen Daten nicht mehr einverstanden oder diese nicht mehr korrekt sein sollten, werden wir auf Weisung von Ihnen die notwendigen Korrekturen vornehmen oder die L\u00f6schung Ihrer Daten veranlassen.<\/p><p><br \/><b>Daten\u00fcbertragbarkeit<\/b> Sofern Sie die Daten einem anderen Verantwortlichen \u00fcbermitteln wollen, stellen wir Ihnen Ihre Daten auf entsprechenden Antrag in einem strukturierten und maschinenlesbaren Format bereit.<\/p><p><br \/><b>Widerrufsrecht bei Einwilligungen mit Wirkung f\u00fcr die Zukunft<\/b> Sie k\u00f6nnen mit Wirkung f\u00fcr die Zukunft jederzeit erteilte Einwilligungen widerrufen. Die Rechtm\u00e4\u00dfigkeit der Verarbeitung Ihrer Daten bis zum Zeitpunkt des Widerrufs bleibt davon unber\u00fchrt.<\/p><p><br \/><b>Einschr\u00e4nkungen <\/b>Daten, die eine Identifizierung der Person nicht erm\u00f6glichen und beispielsweise f\u00fcr Analysezwecke anonymisiert wurden, sind nicht von den vorstehenden Rechten umfasst.<\/p><p><br \/><b>Beschwerderecht<\/b> Es besteht ein Beschwerderecht bei der zust\u00e4ndigen Aufsichtsbeh\u00f6rde.<\/p><p><br \/><b>Aus\u00fcbung Ihrer Betroffenenrechte<\/b> F\u00fcr Auskunft, Berichtigung, Widerspruch oder L\u00f6schung von Daten oder zur \u00dcbermittlung von Daten an ein anderes Unternehmen wenden Sie sich bitte an hello@mx4translations.com.<\/p>\t\t\t\t\t\t<\/div>\n\t\t\t\t<\/div>\n\t\t\t\t\t<\/div>\n\t\t\t\t<\/div>\n\t\t\t\t<\/div>","protected":false},"excerpt":{"rendered":"<p>Privacy Policy of me-Xpress GmbH PrincipleWe at me-Xpress GmbH place great importance on protecting your personal data and treat this data confidentially in accordance with legal data protection regulations and this privacy policy.Responsible for Data ProcessingThe entity responsible for processing your personal data according to the General Data Protection Regulation (GDPR) is:me-Xpress GmbHLublinring 1248147 M\u00fcnster, [&hellip;]<\/p>","protected":false},"author":1,"featured_media":0,"parent":0,"menu_order":0,"comment_status":"closed","ping_status":"closed","template":"","meta":{"footnotes":""},"_links":{"self":[{"href":"https:\/\/mexpress4translations.com\/de\/wp-json\/wp\/v2\/pages\/2731"}],"collection":[{"href":"https:\/\/mexpress4translations.com\/de\/wp-json\/wp\/v2\/pages"}],"about":[{"href":"https:\/\/mexpress4translations.com\/de\/wp-json\/wp\/v2\/types\/page"}],"author":[{"embeddable":true,"href":"https:\/\/mexpress4translations.com\/de\/wp-json\/wp\/v2\/users\/1"}],"replies":[{"embeddable":true,"href":"https:\/\/mexpress4translations.com\/de\/wp-json\/wp\/v2\/comments?post=2731"}],"version-history":[{"count":64,"href":"https:\/\/mexpress4translations.com\/de\/wp-json\/wp\/v2\/pages\/2731\/revisions"}],"predecessor-version":[{"id":3842,"href":"https:\/\/mexpress4translations.com\/de\/wp-json\/wp\/v2\/pages\/2731\/revisions\/3842"}],"wp:attachment":[{"href":"https:\/\/mexpress4translations.com\/de\/wp-json\/wp\/v2\/media?parent=2731"}],"curies":[{"name":"wp","href":"https:\/\/api.w.org\/{rel}","templated":true}]}}